{"id":3886,"date":"2021-06-22T14:59:54","date_gmt":"2021-06-22T13:59:54","guid":{"rendered":"https:\/\/limboassociation.com\/?page_id=3886"},"modified":"2021-07-01T14:20:35","modified_gmt":"2021-07-01T13:20:35","slug":"les-blessures-de-lintime","status":"publish","type":"page","link":"https:\/\/limboassociation.com\/en\/les-blessures-de-lintime\/","title":{"rendered":"Les blessures de l&rsquo;intime"},"content":{"rendered":"<div data-elementor-type=\"wp-page\" data-elementor-id=\"3886\" class=\"elementor elementor-3886\">\n\t\t\t\t\t\t<section class=\"elementor-section elementor-top-section elementor-element elementor-element-8f3f1f8 elementor-section-boxed elementor-section-height-default elementor-section-height-default\" data-id=\"8f3f1f8\" data-element_type=\"section\" data-e-type=\"section\">\n\t\t\t\t\t\t<div class=\"elementor-container elementor-column-gap-default\">\n\t\t\t\t\t<div class=\"elementor-column elementor-col-100 elementor-top-column elementor-element elementor-element-efe6757\" data-id=\"efe6757\" data-element_type=\"column\" data-e-type=\"column\">\n\t\t\t<div class=\"elementor-widget-wrap elementor-element-populated\">\n\t\t\t\t\t\t\t<\/div>\n\t\t<\/div>\n\t\t\t\t\t<\/div>\n\t\t<\/section>\n\t\t\t\t<section class=\"elementor-section elementor-top-section elementor-element elementor-element-65be92a elementor-section-boxed elementor-section-height-default elementor-section-height-default\" data-id=\"65be92a\" data-element_type=\"section\" data-e-type=\"section\">\n\t\t\t\t\t\t<div class=\"elementor-container elementor-column-gap-default\">\n\t\t\t\t\t<div class=\"elementor-column elementor-col-100 elementor-top-column elementor-element elementor-element-66549f6\" data-id=\"66549f6\" data-element_type=\"column\" data-e-type=\"column\">\n\t\t\t<div class=\"elementor-widget-wrap elementor-element-populated\">\n\t\t\t\t\t\t<div class=\"elementor-element elementor-element-c6e2af8 elementor-widget-divider--view-line elementor-widget elementor-widget-divider\" data-id=\"c6e2af8\" data-element_type=\"widget\" data-e-type=\"widget\" data-widget_type=\"divider.default\">\n\t\t\t\t<div class=\"elementor-widget-container\">\n\t\t\t\t\t\t\t<div class=\"elementor-divider\">\n\t\t\t<span class=\"elementor-divider-separator\">\n\t\t\t\t\t\t<\/span>\n\t\t<\/div>\n\t\t\t\t\t\t<\/div>\n\t\t\t\t<\/div>\n\t\t\t\t\t<\/div>\n\t\t<\/div>\n\t\t\t\t\t<\/div>\n\t\t<\/section>\n\t\t\t\t<section class=\"elementor-section elementor-top-section elementor-element elementor-element-5cb441f elementor-section-boxed elementor-section-height-default elementor-section-height-default\" data-id=\"5cb441f\" data-element_type=\"section\" data-e-type=\"section\">\n\t\t\t\t\t\t<div class=\"elementor-container elementor-column-gap-default\">\n\t\t\t\t\t<div class=\"elementor-column elementor-col-100 elementor-top-column elementor-element elementor-element-82c57a3\" data-id=\"82c57a3\" data-element_type=\"column\" data-e-type=\"column\">\n\t\t\t<div class=\"elementor-widget-wrap elementor-element-populated\">\n\t\t\t\t\t\t<div class=\"elementor-element elementor-element-30bbf7d elementor-widget elementor-widget-heading\" data-id=\"30bbf7d\" data-element_type=\"widget\" data-e-type=\"widget\" data-widget_type=\"heading.default\">\n\t\t\t\t<div class=\"elementor-widget-container\">\n\t\t\t\t\t<h4 class=\"elementor-heading-title elementor-size-default\">Chapter 7: Intimate wounds<\/h4>\t\t\t\t<\/div>\n\t\t\t\t<\/div>\n\t\t\t\t\t<\/div>\n\t\t<\/div>\n\t\t\t\t\t<\/div>\n\t\t<\/section>\n\t\t\t\t<section class=\"elementor-section elementor-top-section elementor-element elementor-element-f2588c4 elementor-section-boxed elementor-section-height-default elementor-section-height-default\" data-id=\"f2588c4\" data-element_type=\"section\" data-e-type=\"section\">\n\t\t\t\t\t\t<div class=\"elementor-container elementor-column-gap-default\">\n\t\t\t\t\t<div class=\"elementor-column elementor-col-100 elementor-top-column elementor-element elementor-element-4aa1ba3d\" data-id=\"4aa1ba3d\" data-element_type=\"column\" data-e-type=\"column\">\n\t\t\t<div class=\"elementor-widget-wrap elementor-element-populated\">\n\t\t\t\t\t\t<div class=\"elementor-element elementor-element-c806da elementor-widget elementor-widget-text-editor\" data-id=\"c806da\" data-element_type=\"widget\" data-e-type=\"widget\" data-widget_type=\"text-editor.default\">\n\t\t\t\t<div class=\"elementor-widget-container\">\n\t\t\t\t\t\t\t\t\t<p class=\"p1\"><b>The survivors, both women and men, were often sexually abused in the camps in Libya. Sophia met her first love in Italy. Through a song, she sought to confide the darkest chapters of her exile.<\/b><\/p>\n<p class=\"p1\"><em><b><a href=\"https:\/\/limboassociation.com\/en\/le-stress-post-traumatique\/\">Click here to read the rest of the story, written and sung by the young survivors of Limbo.<\/a><\/b><\/em><b><br><\/b><\/p>\t\t\t\t\t\t\t\t<\/div>\n\t\t\t\t<\/div>\n\t\t\t\t\t<\/div>\n\t\t<\/div>\n\t\t\t\t\t<\/div>\n\t\t<\/section>\n\t\t\t\t<section class=\"elementor-section elementor-top-section elementor-element elementor-element-51fd58b elementor-section-boxed elementor-section-height-default elementor-section-height-default\" data-id=\"51fd58b\" data-element_type=\"section\" data-e-type=\"section\">\n\t\t\t\t\t\t<div class=\"elementor-container elementor-column-gap-default\">\n\t\t\t\t\t<div class=\"elementor-column elementor-col-100 elementor-top-column elementor-element elementor-element-a490c63\" data-id=\"a490c63\" data-element_type=\"column\" data-e-type=\"column\">\n\t\t\t<div class=\"elementor-widget-wrap elementor-element-populated\">\n\t\t\t\t\t\t<div class=\"elementor-element elementor-element-abab5cb elementor-widget elementor-widget-text-editor\" data-id=\"abab5cb\" data-element_type=\"widget\" data-e-type=\"widget\" data-widget_type=\"text-editor.default\">\n\t\t\t\t<div class=\"elementor-widget-container\">\n\t\t\t\t\t\t\t\t\t<p>\u00a0<\/p><p style=\"text-align: center;\"><span style=\"color: #ffffff;\"><b><i>HOW CAN YOU LOVE<\/i><\/b><\/span><br \/><span style=\"color: #ffffff;\"><b><i>Text Sophia, music Mathias Duplessy<\/i><\/b><\/span><\/p><p style=\"text-align: center;\"><span style=\"color: #ffffff;\"><i><span style=\"font-weight: 400;\">Just before I came to France<\/span><\/i><\/span><br \/><span style=\"color: #ffffff;\"><i><span style=\"font-weight: 400;\">I never dated anybody<\/span><\/i><\/span><br \/><span style=\"color: #ffffff;\"><i><span style=\"font-weight: 400;\">But then I met this guy<\/span><\/i><\/span><br \/><span style=\"color: #ffffff;\"><i><span style=\"font-weight: 400;\">And I fell in love<\/span><\/i><\/span><\/p><p style=\"text-align: center;\"><span style=\"color: #ffffff;\"><i><span style=\"font-weight: 400;\">But I have to tell him now<\/span><\/i><\/span><br \/><span style=\"color: #ffffff;\"><i><span style=\"font-weight: 400;\">What is my true story<\/span><\/i><\/span><br \/><span style=\"color: #ffffff;\"><i><span style=\"font-weight: 400;\">It&rsquo;s a story of suffering<\/span><\/i><\/span><br \/><span style=\"color: #ffffff;\"><i><span style=\"font-weight: 400;\">Something I never told<\/span><\/i><\/span><\/p><p style=\"text-align: center;\"><span style=\"color: #ffffff;\"><i><span style=\"font-weight: 400;\">Tell me how can you love<\/span><\/i><\/span><br \/><span style=\"color: #ffffff;\"><i><span style=\"font-weight: 400;\">When nobody&rsquo;s ever loved you<\/span><\/i><\/span><br \/><span style=\"color: #ffffff;\"><i><span style=\"font-weight: 400;\">Tell me how can you love<\/span><\/i><\/span><br \/><span style=\"color: #ffffff;\"><i><span style=\"font-weight: 400;\">When all you&rsquo;ve met in life <\/span><\/i><i><span style=\"font-weight: 400;\">is abuse and pain<\/span><\/i><\/span><\/p><p style=\"text-align: center;\"><span style=\"color: #ffffff;\"><i><span style=\"font-weight: 400;\">Truth is all I know of men<\/span><\/i><\/span><br \/><span style=\"color: #ffffff;\"><i><span style=\"font-weight: 400;\">Is what those guards in Libya\u00a0<\/span><\/i><\/span><br \/><span style=\"color: #ffffff;\"><i><span style=\"font-weight: 400;\">Did to me again at night\u00a0<\/span><\/i><\/span><br \/><span style=\"color: #ffffff;\"><i><span style=\"font-weight: 400;\">And every night I prayed<\/span><\/i><\/span><\/p><p style=\"text-align: center;\"><span style=\"color: #ffffff;\"><i><span style=\"font-weight: 400;\">Those men come back in my dreams<\/span><\/i><\/span><br \/><span style=\"color: #ffffff;\"><i><span style=\"font-weight: 400;\">But now I&rsquo;m strong and healthy<\/span><\/i><\/span><br \/><span style=\"color: #ffffff;\"><i><span style=\"font-weight: 400;\">So I kick them out in the night<\/span><\/i><\/span><br \/><span style=\"color: #ffffff;\"><i><span style=\"font-weight: 400;\">Until I&rsquo;m free to breathe<\/span><\/i><\/span><\/p><p style=\"text-align: center;\"><span style=\"color: #ffffff;\"><i><span style=\"font-weight: 400;\">Tell me how can you love<\/span><\/i><\/span><br \/><span style=\"color: #ffffff;\"><i><span style=\"font-weight: 400;\">When nobody&rsquo;s ever loved you<\/span><\/i><\/span><br \/><span style=\"color: #ffffff;\"><i><span style=\"font-weight: 400;\">Tell me how can you love<\/span><\/i><\/span><br \/><span style=\"color: #ffffff;\"><i><span style=\"font-weight: 400;\">When all you&rsquo;ve met in life<\/span><\/i><\/span><br \/><span style=\"color: #ffffff;\"><i><span style=\"font-weight: 400;\">is abuse and pain<\/span><\/i><\/span><\/p><p style=\"text-align: center;\"><span style=\"color: #ffffff;\"><i><span style=\"font-weight: 400;\">So I pray one day my nightmares\u00a0<\/span><\/i><\/span><br \/><span style=\"color: #ffffff;\"><i><span style=\"font-weight: 400;\">Will turn into dreams<\/span><\/i><\/span><br \/><span style=\"color: #ffffff;\"><i><span style=\"font-weight: 400;\">And that day I know for sure\u00a0<\/span><\/i><\/span><br \/><span style=\"color: #ffffff;\"><i><span style=\"font-weight: 400;\">I&rsquo;ll be r<\/span><\/i><i><span style=\"font-weight: 400;\">eady t<\/span><\/i><i><span style=\"font-weight: 400;\">o love<\/span><\/i><\/span><\/p><p style=\"text-align: center;\">\u00a0<\/p>\t\t\t\t\t\t\t\t<\/div>\n\t\t\t\t<\/div>\n\t\t\t\t\t<\/div>\n\t\t<\/div>\n\t\t\t\t\t<\/div>\n\t\t<\/section>\n\t\t\t\t<\/div>","protected":false},"excerpt":{"rendered":"<p>Chapitre 7 : les blessures de l&rsquo;intime Les survivants, femmes comme hommes, ont souvent subi des violences sexuelles dans les camps de Libye. Sophia a rencontr\u00e9 son premier amour en Italie. \u00c0 travers une chanson, elle a cherch\u00e9 \u00e0 confier les pages les plus sombres de son exil. Cliquez&nbsp;ici&nbsp;pour d\u00e9couvrir la suite du chemin, \u00e9crit [&hellip;]<\/p>\n","protected":false},"author":156574116,"featured_media":0,"parent":0,"menu_order":0,"comment_status":"closed","ping_status":"closed","template":"elementor_header_footer","meta":{"_coblocks_attr":"","_coblocks_dimensions":"","_coblocks_responsive_height":"","_coblocks_accordion_ie_support":"","_eb_attr":"","_crdt_document":"","advanced_seo_description":"","jetpack_seo_html_title":"","jetpack_seo_noindex":false,"jetpack_post_was_ever_published":false,"footnotes":""},"class_list":["post-3886","page","type-page","status-publish","hentry"],"jetpack_likes_enabled":true,"jetpack_sharing_enabled":true,"jetpack_shortlink":"https:\/\/wp.me\/PaVtbP-10G","amp_enabled":false,"_links":{"self":[{"href":"https:\/\/limboassociation.com\/en\/wp-json\/wp\/v2\/pages\/3886","targetHints":{"allow":["GET"]}}],"collection":[{"href":"https:\/\/limboassociation.com\/en\/wp-json\/wp\/v2\/pages"}],"about":[{"href":"https:\/\/limboassociation.com\/en\/wp-json\/wp\/v2\/types\/page"}],"author":[{"embeddable":true,"href":"https:\/\/limboassociation.com\/en\/wp-json\/wp\/v2\/users\/156574116"}],"replies":[{"embeddable":true,"href":"https:\/\/limboassociation.com\/en\/wp-json\/wp\/v2\/comments?post=3886"}],"version-history":[{"count":32,"href":"https:\/\/limboassociation.com\/en\/wp-json\/wp\/v2\/pages\/3886\/revisions"}],"predecessor-version":[{"id":4405,"href":"https:\/\/limboassociation.com\/en\/wp-json\/wp\/v2\/pages\/3886\/revisions\/4405"}],"wp:attachment":[{"href":"https:\/\/limboassociation.com\/en\/wp-json\/wp\/v2\/media?parent=3886"}],"curies":[{"name":"wp","href":"https:\/\/api.w.org\/{rel}","templated":true}]}}