{"id":4034,"date":"2021-06-30T13:47:47","date_gmt":"2021-06-30T12:47:47","guid":{"rendered":"https:\/\/limboassociation.com\/?page_id=4034"},"modified":"2021-07-01T13:59:10","modified_gmt":"2021-07-01T12:59:10","slug":"dire-lexil","status":"publish","type":"page","link":"https:\/\/limboassociation.com\/en\/dire-lexil\/","title":{"rendered":"Dire l&rsquo;exil"},"content":{"rendered":"<div data-elementor-type=\"wp-page\" data-elementor-id=\"4034\" class=\"elementor elementor-4034\">\n\t\t\t\t\t\t<section class=\"elementor-section elementor-top-section elementor-element elementor-element-19190a1 elementor-section-boxed elementor-section-height-default elementor-section-height-default\" data-id=\"19190a1\" data-element_type=\"section\" data-e-type=\"section\">\n\t\t\t\t\t\t<div class=\"elementor-container elementor-column-gap-default\">\n\t\t\t\t\t<div class=\"elementor-column elementor-col-100 elementor-top-column elementor-element elementor-element-85f7511\" data-id=\"85f7511\" data-element_type=\"column\" data-e-type=\"column\">\n\t\t\t<div class=\"elementor-widget-wrap elementor-element-populated\">\n\t\t\t\t\t\t\t<\/div>\n\t\t<\/div>\n\t\t\t\t\t<\/div>\n\t\t<\/section>\n\t\t\t\t<section class=\"elementor-section elementor-top-section elementor-element elementor-element-676f139 elementor-section-boxed elementor-section-height-default elementor-section-height-default\" data-id=\"676f139\" data-element_type=\"section\" data-e-type=\"section\">\n\t\t\t\t\t\t<div class=\"elementor-container elementor-column-gap-default\">\n\t\t\t\t\t<div class=\"elementor-column elementor-col-100 elementor-top-column elementor-element elementor-element-278eb6f\" data-id=\"278eb6f\" data-element_type=\"column\" data-e-type=\"column\">\n\t\t\t<div class=\"elementor-widget-wrap elementor-element-populated\">\n\t\t\t\t\t\t<div class=\"elementor-element elementor-element-4ec3b81 elementor-widget-divider--view-line elementor-widget elementor-widget-divider\" data-id=\"4ec3b81\" data-element_type=\"widget\" data-e-type=\"widget\" data-widget_type=\"divider.default\">\n\t\t\t\t<div class=\"elementor-widget-container\">\n\t\t\t\t\t\t\t<div class=\"elementor-divider\">\n\t\t\t<span class=\"elementor-divider-separator\">\n\t\t\t\t\t\t<\/span>\n\t\t<\/div>\n\t\t\t\t\t\t<\/div>\n\t\t\t\t<\/div>\n\t\t\t\t\t<\/div>\n\t\t<\/div>\n\t\t\t\t\t<\/div>\n\t\t<\/section>\n\t\t\t\t<section class=\"elementor-section elementor-top-section elementor-element elementor-element-8708cce elementor-section-boxed elementor-section-height-default elementor-section-height-default\" data-id=\"8708cce\" data-element_type=\"section\" data-e-type=\"section\">\n\t\t\t\t\t\t<div class=\"elementor-container elementor-column-gap-default\">\n\t\t\t\t\t<div class=\"elementor-column elementor-col-100 elementor-top-column elementor-element elementor-element-d9b4003\" data-id=\"d9b4003\" data-element_type=\"column\" data-e-type=\"column\">\n\t\t\t<div class=\"elementor-widget-wrap elementor-element-populated\">\n\t\t\t\t\t\t<div class=\"elementor-element elementor-element-403d523 elementor-widget elementor-widget-heading\" data-id=\"403d523\" data-element_type=\"widget\" data-e-type=\"widget\" data-widget_type=\"heading.default\">\n\t\t\t\t<div class=\"elementor-widget-container\">\n\t\t\t\t\t<h4 class=\"elementor-heading-title elementor-size-default\">Chapter 4: Talking about exile<\/h4>\t\t\t\t<\/div>\n\t\t\t\t<\/div>\n\t\t\t\t\t<\/div>\n\t\t<\/div>\n\t\t\t\t\t<\/div>\n\t\t<\/section>\n\t\t\t\t<section class=\"elementor-section elementor-top-section elementor-element elementor-element-90b545f elementor-section-boxed elementor-section-height-default elementor-section-height-default\" data-id=\"90b545f\" data-element_type=\"section\" data-e-type=\"section\">\n\t\t\t\t\t\t<div class=\"elementor-container elementor-column-gap-default\">\n\t\t\t\t\t<div class=\"elementor-column elementor-col-100 elementor-top-column elementor-element elementor-element-b6f444d\" data-id=\"b6f444d\" data-element_type=\"column\" data-e-type=\"column\">\n\t\t\t<div class=\"elementor-widget-wrap elementor-element-populated\">\n\t\t\t\t\t\t<div class=\"elementor-element elementor-element-446f38c elementor-widget elementor-widget-text-editor\" data-id=\"446f38c\" data-element_type=\"widget\" data-e-type=\"widget\" data-widget_type=\"text-editor.default\">\n\t\t\t\t<div class=\"elementor-widget-container\">\n\t\t\t\t\t\t\t\t\t<p><strong>When they arrive in Europe, the survivors are faced with a different kind of suffering: the impossibility of talking about their experiences, but also of having them <em>heard.<\/em> It is not indifference, not contempt, but a form of embarrassment - no, not here, not now, this is too much, you are doing too much. A victim of atrocities disturbs. For those who want to talk, it is a Great Wall of China that discourages them from speaking out. With his song, Bailo decided to take up the approximations, untruths and euphemisms that exiles are confronted with every day, the better to denounce them.<\/strong><\/p><p><em><a href=\"https:\/\/limboassociation.com\/en\/la-libye\/\"><b>Click here to read the rest of the story, written and sung by the young survivors of Limbo.<\/b><\/a><\/em><strong><br \/><\/strong><\/p>\t\t\t\t\t\t\t\t<\/div>\n\t\t\t\t<\/div>\n\t\t\t\t\t<\/div>\n\t\t<\/div>\n\t\t\t\t\t<\/div>\n\t\t<\/section>\n\t\t\t\t<section class=\"elementor-section elementor-top-section elementor-element elementor-element-39b516c elementor-section-boxed elementor-section-height-default elementor-section-height-default\" data-id=\"39b516c\" data-element_type=\"section\" data-e-type=\"section\">\n\t\t\t\t\t\t<div class=\"elementor-container elementor-column-gap-default\">\n\t\t\t\t\t<div class=\"elementor-column elementor-col-100 elementor-top-column elementor-element elementor-element-ddc524d\" data-id=\"ddc524d\" data-element_type=\"column\" data-e-type=\"column\">\n\t\t\t<div class=\"elementor-widget-wrap elementor-element-populated\">\n\t\t\t\t\t\t<div class=\"elementor-element elementor-element-91535ee elementor-widget elementor-widget-text-editor\" data-id=\"91535ee\" data-element_type=\"widget\" data-e-type=\"widget\" data-widget_type=\"text-editor.default\">\n\t\t\t\t<div class=\"elementor-widget-container\">\n\t\t\t\t\t\t\t\t\t<p>\u00a0<\/p><p style=\"text-align: center;\"><span style=\"color: #ffffff;\"><em><strong>EN V\u00c9RIT\u00c9<\/strong><\/em><\/span><br \/><span style=\"color: #ffffff;\"><strong> Text Bailo, music Mathias Duplessy<\/strong><\/span><\/p><p style=\"text-align: center;\"><span style=\"color: #ffffff;\">\u00ab\u00a0La Libye, c\u2019est un pays compliqu\u00e9\u00a0\u00bb<\/span><br \/><span style=\"color: #ffffff;\">Attends je traduis : c\u2019\u00e9tait l\u2019horreur, en v\u00e9rit\u00e9<\/span><br \/><span style=\"color: #ffffff;\">\u00ab\u00a0En Libye, la vie \u00e9tait difficile\u00a0\u00bb<\/span><br \/><span style=\"color: #ffffff;\">Attends je traduis : personne n\u2019en revient, en v\u00e9rit\u00e9<\/span><\/p><p style=\"text-align: center;\"><span style=\"color: #ffffff;\">En v\u00e9rit\u00e9 tu veux que je te dise,<\/span><br \/><span style=\"color: #ffffff;\">Ces mots sont faits pour ne pas te choquer<\/span><br \/><span style=\"color: #ffffff;\">En v\u00e9rit\u00e9 tu veux que je te dise,<\/span><br \/><span style=\"color: #ffffff;\">Mais veux-tu vraiment que je te dise ?<\/span><\/p><p style=\"text-align: center;\"><span style=\"color: #ffffff;\">\u00ab\u00a0Les trafiquants n\u2019\u00e9taient pas tr\u00e8s gentils\u00a0\u00bb<\/span><br \/><span style=\"color: #ffffff;\">Attends je traduis : ils nous battaient nous torturaient<\/span><br \/><span style=\"color: #ffffff;\">\u00ab\u00a0Les gardes-c\u00f4tes libyens ont sauv\u00e9s 100 migrants\u00a0\u00bb<\/span><br \/><span style=\"color: #ffffff;\">Attends je traduis : ils les ont revendus au plus offrant<\/span><\/p><p style=\"text-align: center;\"><span style=\"color: #ffffff;\">En v\u00e9rit\u00e9 tu veux que je te dise,<\/span><br \/><span style=\"color: #ffffff;\">Ces mots sont faits pour ne pas te choquer<\/span><br \/><span style=\"color: #ffffff;\">En v\u00e9rit\u00e9 tu veux que je te dise,<\/span><br \/><span style=\"color: #ffffff;\">Mais veux-tu vraiment que je te dise ?<\/span><\/p><p style=\"text-align: center;\"><span style=\"color: #ffffff;\">\u00ab\u00a0La plupart des migrants ont fui la mis\u00e8re\u00a0\u00bb<\/span><br \/><span style=\"color: #ffffff;\">Attends je traduis : ce sont tous des survivants<\/span><br \/><span style=\"color: #ffffff;\">On n&rsquo;est pas un migrant, quand on traverse l&rsquo;enfer<\/span><br \/><span style=\"color: #ffffff;\">Et moi je me refuse de n&rsquo;\u00eatre qu&rsquo;un migrant<\/span><\/p><p>\u00a0<\/p>\t\t\t\t\t\t\t\t<\/div>\n\t\t\t\t<\/div>\n\t\t\t\t\t<\/div>\n\t\t<\/div>\n\t\t\t\t\t<\/div>\n\t\t<\/section>\n\t\t\t\t<\/div>","protected":false},"excerpt":{"rendered":"<p>Chapitre 4 : Dire l&rsquo;exil Alors qu&rsquo;ils arrivent en Europe, les survivants doivent faire face \u00e0 une nouvelle souffrance : l&rsquo;impossibilit\u00e9 de dire, mais aussi de faire entendre ce qu&rsquo;ils ont v\u00e9cu. Ce n\u2019est pas de l\u2019indiff\u00e9rence, pas du m\u00e9pris, mais une forme de g\u00eane &#8211; non, pas ici, pas maintenant, c\u2019est trop, tu en [&hellip;]<\/p>\n","protected":false},"author":76201732,"featured_media":0,"parent":0,"menu_order":0,"comment_status":"closed","ping_status":"closed","template":"elementor_header_footer","meta":{"_coblocks_attr":"","_coblocks_dimensions":"","_coblocks_responsive_height":"","_coblocks_accordion_ie_support":"","_eb_attr":"","_crdt_document":"","advanced_seo_description":"","jetpack_seo_html_title":"","jetpack_seo_noindex":false,"jetpack_post_was_ever_published":false,"footnotes":""},"class_list":["post-4034","page","type-page","status-publish","hentry"],"jetpack_likes_enabled":true,"jetpack_sharing_enabled":true,"jetpack_shortlink":"https:\/\/wp.me\/PaVtbP-134","amp_enabled":false,"_links":{"self":[{"href":"https:\/\/limboassociation.com\/en\/wp-json\/wp\/v2\/pages\/4034","targetHints":{"allow":["GET"]}}],"collection":[{"href":"https:\/\/limboassociation.com\/en\/wp-json\/wp\/v2\/pages"}],"about":[{"href":"https:\/\/limboassociation.com\/en\/wp-json\/wp\/v2\/types\/page"}],"author":[{"embeddable":true,"href":"https:\/\/limboassociation.com\/en\/wp-json\/wp\/v2\/users\/76201732"}],"replies":[{"embeddable":true,"href":"https:\/\/limboassociation.com\/en\/wp-json\/wp\/v2\/comments?post=4034"}],"version-history":[{"count":45,"href":"https:\/\/limboassociation.com\/en\/wp-json\/wp\/v2\/pages\/4034\/revisions"}],"predecessor-version":[{"id":4396,"href":"https:\/\/limboassociation.com\/en\/wp-json\/wp\/v2\/pages\/4034\/revisions\/4396"}],"wp:attachment":[{"href":"https:\/\/limboassociation.com\/en\/wp-json\/wp\/v2\/media?parent=4034"}],"curies":[{"name":"wp","href":"https:\/\/api.w.org\/{rel}","templated":true}]}}