{"id":66,"date":"2019-04-25T15:44:13","date_gmt":"2019-04-25T14:44:13","guid":{"rendered":"https:\/\/limboassociation.com\/?page_id=66"},"modified":"2024-08-20T13:43:57","modified_gmt":"2024-08-20T12:43:57","slug":"nos-actions-2","status":"publish","type":"page","link":"https:\/\/limboassociation.com\/en\/nos-actions-2\/","title":{"rendered":"What we do"},"content":{"rendered":"<div data-elementor-type=\"wp-page\" data-elementor-id=\"66\" class=\"elementor elementor-66\">\n\t\t\t\t\t\t<section class=\"elementor-section elementor-top-section elementor-element elementor-element-374a838 elementor-section-boxed elementor-section-height-default elementor-section-height-default\" data-id=\"374a838\" data-element_type=\"section\" data-e-type=\"section\">\n\t\t\t\t\t\t<div class=\"elementor-container elementor-column-gap-default\">\n\t\t\t\t\t<div class=\"elementor-column elementor-col-100 elementor-top-column elementor-element elementor-element-9820c33\" data-id=\"9820c33\" data-element_type=\"column\" data-e-type=\"column\">\n\t\t\t<div class=\"elementor-widget-wrap elementor-element-populated\">\n\t\t\t\t\t\t\t<\/div>\n\t\t<\/div>\n\t\t\t\t\t<\/div>\n\t\t<\/section>\n\t\t\t\t<section class=\"elementor-section elementor-top-section elementor-element elementor-element-65aee88c elementor-section-boxed elementor-section-height-default elementor-section-height-default\" data-id=\"65aee88c\" data-element_type=\"section\" data-e-type=\"section\">\n\t\t\t\t\t\t<div class=\"elementor-container elementor-column-gap-default\">\n\t\t\t\t\t<div class=\"elementor-column elementor-col-100 elementor-top-column elementor-element elementor-element-2ac878c6\" data-id=\"2ac878c6\" data-element_type=\"column\" data-e-type=\"column\">\n\t\t\t<div class=\"elementor-widget-wrap elementor-element-populated\">\n\t\t\t\t\t\t<div class=\"elementor-element elementor-element-33d5f33e elementor-widget elementor-widget-text-editor\" data-id=\"33d5f33e\" data-element_type=\"widget\" data-e-type=\"widget\" data-widget_type=\"text-editor.default\">\n\t\t\t\t<div class=\"elementor-widget-container\">\n\t\t\t\t\t\t\t\t\t<p><\/p>\n<h3 class=\"wp-block-heading\">RECONSTRUCTION<\/h3>\n<p><\/p>\n<p><\/p>\n<p class=\"wp-block-paragraph\"><\/p>\n<p><\/p>\n<ul class=\"wp-block-list\">\n<li><strong>Les s\u00e9jours de r\u00e9silience<\/strong><\/li>\n<\/ul>\n<p><\/p>\n<p><\/p>\n<p class=\"wp-block-paragraph\"><strong>Six fois par an<\/strong>, pendant les vacances scolaires, LIMBO emm\u00e8ne un groupe compos\u00e9 de <strong>10 personnes exil\u00e9es<\/strong>. Toustes souffrent de graves traumatismes, physiques et psychiques, qui demandent un accompagnement sp\u00e9cifique et une r\u00e9elle connaissance de leurs probl\u00e9matiques. Ces s\u00e9jours se tiennent dans 2 lieux d\u2019accueil partenaires : le village de Conques, en Aveyron ; et, depuis 2022, le tiers-lieu solidaire&nbsp;<a href=\"https:\/\/www.hermitagelelab.com\/\" target=\"_blank\" rel=\"noopener\" style=\"background-color: rgb(255, 255, 255);\">L\u2019Hermitage<\/a>, dans l&rsquo;Oise.&nbsp;<\/p>\n<p><\/p>\n<p><\/p>\n<p class=\"wp-block-paragraph\">In a <strong>safe environment<\/strong>, les personnes participent chaque jour \u00e0 <strong>in an art therapy or a workshop,<\/strong>built around dance, music, ceramics, photography... The rest of the week is made up of visits to craftsmen, body expression exercises, sports activities and meetings.<\/p>\n<p><\/p>\n<p><\/p>\n<p class=\"wp-block-paragraph\">Pour certains d&rsquo;entre eux, la reconstruction s&rsquo;enclenche tr\u00e8s vite. Pour d&rsquo;autres, il faudra plus de temps. C&rsquo;est pourquoi LIMBO propose \u00e0 ses b\u00e9n\u00e9ficiaires de venir \u00e0 <strong>trois s\u00e9jours de r\u00e9silience<\/strong>. \u00c0 chaque s\u00e9jour, nous articulons le groupe entre anciens et nouveaux. Peu \u00e0 peu,&nbsp; des ancien.nes sont m\u00eame devenu.es des \u00ab\u00a0encadrant.es assistants\u00a0\u00bb. Les personnes peuvent alors s&rsquo;accompagner mutuellement, dans une dynamique de co-th\u00e9rapie.<\/p>\n<p><\/p>\n<p><\/p>\n<p class=\"wp-block-paragraph translation-block\">Click here for <a href=\"https:\/\/limbo-asso.com\/en\/les-sejours-a-conques\/\" target=\"_self\">PRACTICAL INFORMATION<\/a> on the stays, as well as our diaries of previous stays.<\/p>\n<p><\/p>\n<p><\/p>\n<ul class=\"wp-block-list\">\n<li><strong>LIMBO workshops<\/strong><\/li>\n<\/ul>\n<p><\/p>\n<p><\/p>\n<p class=\"wp-block-paragraph\"><strong>Nos s\u00e9jours de r\u00e9silience<\/strong>, centr\u00e9s sur la vie en commun, l\u2019art-th\u00e9rapie et des activit\u00e9s de plein air, donnent des r\u00e9sultats spectaculaires et ont montr\u00e9 leur efficacit\u00e9 pour briser, au moins pour un temps, la spirale descendante vers la d\u00e9pression, l\u2019isolement ou le suicide. Seul obstacle&nbsp;: la capacit\u00e9 d\u2019accueil, forc\u00e9ment limit\u00e9e, de nos s\u00e9jours.<\/p>\n<p><\/p>\n<p><\/p>\n<p class=\"wp-block-paragraph\"><strong>In addition<\/strong>, nous avons d\u00e9velopp\u00e9 depuis janvier 2020 <a href=\"https:\/\/limboassociation.com\/en\/lespace-dart-therapie\/\">we began \u201cLimbo Workshops\",<\/a>. Ils sont organis\u00e9s hebdomadairement \u00e0 Paris o\u00f9 nous prolongeons notre action et accueillons de nouveaux participants. La m\u00e9thode reste la m\u00eame&nbsp;: faire appel au processus de cr\u00e9ation et de r\u00e9paration \u2013 gr\u00e2ce \u00e0 l\u2019art-th\u00e9rapie et aux ateliers de musique, de th\u00e9\u00e2tre et d\u2019arts plastiques -, pour relancer l\u2019\u00e9lan vital bloqu\u00e9 par la sid\u00e9ration psychique provoqu\u00e9e par l\u2019horreur v\u00e9cue des camps.<\/p>\n<p><\/p>\n<p><\/p>\n<p class=\"wp-block-paragraph\"><strong>Life force against the force of evil.<\/strong>&nbsp;Gr\u00e2ce \u00e0 ses ateliers r\u00e9guliers, v\u00e9ritables points de rep\u00e8re hebdomadaires assurant une continuit\u00e9 temporelle, nous pourrons poursuivre et consolider la reconstruction progressive des victimes, faire retrouver \u00e0 chacun sa force cr\u00e9ative, sa dimension psychocorporelle et donc un apaisement global. Comme un d\u00e9but de retour \u00e0 la vie et \u00e0 l\u2019int\u00e9gration dans la soci\u00e9t\u00e9 o\u00f9 il lui faut vivre.<\/p>\n<p><\/p>\n<p><\/p>\n<p class=\"wp-block-paragraph translation-block\">Click here for <a href=\"https:\/\/limbo-asso.com\/en\/lespace-dart-therapie\/\" target=\"_self\">PRACTICAL INFORMATION<\/a>  Limbo Workshops<\/p>\n<p><\/p>\n<p><\/p>\n<hr>\n<p><\/p>\n<p><\/p>\n<p class=\"wp-block-paragraph\"><\/p>\n<p><\/p>\n<h3 class=\"wp-block-heading\">RAISING AWARENESS<\/h3>\n<p><\/p>\n<p><\/p>\n<p class=\"wp-block-paragraph\"><\/p>\n<p><\/p>\n<ul class=\"wp-block-list\">\n<li><strong>Advocacy and documentation<\/strong><\/li>\n<\/ul>\n<p><\/p>\n<p><\/p>\n<p class=\"wp-block-paragraph translation-block\">Since its foundation, Limbo has been <a href=\"https:\/\/limbo-asso.com\/en\/news-2\/\" target=\"_self\">collecting information<\/a> on the state of torture camps, the development of trafficking in migrants, and the difficulties exiles face upon arrival in France, as one of its primary missions. Limbo members organise screenings, participate in <a href=\"https:\/\/limbo-asso.com\/en\/lagenda\/\" target=\"_self\">conferences and debates<\/a>,and <a href=\"https:\/\/limbo-asso.com\/en\/la-sensibilisation-2\/\" target=\"_self\">intervene in the media<\/a> to raise awareness of this little-known reality.<\/p>\n<p><\/p>\n<p><\/p>\n<p class=\"wp-block-paragraph\"><em>Photo Olga KRAVETS<\/em><\/p>\n<p><\/p>\t\t\t\t\t\t\t\t<\/div>\n\t\t\t\t<\/div>\n\t\t\t\t\t<\/div>\n\t\t<\/div>\n\t\t\t\t\t<\/div>\n\t\t<\/section>\n\t\t\t\t<\/div>","protected":false},"excerpt":{"rendered":"<p>LA RECONSTRUCTION Les s\u00e9jours de r\u00e9silience Six fois par an, pendant les vacances scolaires, LIMBO emm\u00e8ne un groupe compos\u00e9 de 10 personnes exil\u00e9es. Toustes souffrent de graves traumatismes, physiques et psychiques, qui demandent un accompagnement sp\u00e9cifique et une r\u00e9elle connaissance de leurs probl\u00e9matiques. Ces s\u00e9jours se tiennent dans 2 lieux d\u2019accueil partenaires : le village [&hellip;]<\/p>\n","protected":false},"author":156574116,"featured_media":0,"parent":0,"menu_order":0,"comment_status":"closed","ping_status":"closed","template":"elementor_header_footer","meta":{"_coblocks_attr":"","_coblocks_dimensions":"","_coblocks_responsive_height":"","_coblocks_accordion_ie_support":"","_eb_attr":"","_crdt_document":"","advanced_seo_description":"","jetpack_seo_html_title":"","jetpack_seo_noindex":false,"jetpack_post_was_ever_published":false,"footnotes":""},"class_list":["post-66","page","type-page","status-publish","hentry"],"jetpack_likes_enabled":true,"jetpack_sharing_enabled":true,"jetpack_shortlink":"https:\/\/wp.me\/PaVtbP-14","amp_enabled":false,"_links":{"self":[{"href":"https:\/\/limboassociation.com\/en\/wp-json\/wp\/v2\/pages\/66","targetHints":{"allow":["GET"]}}],"collection":[{"href":"https:\/\/limboassociation.com\/en\/wp-json\/wp\/v2\/pages"}],"about":[{"href":"https:\/\/limboassociation.com\/en\/wp-json\/wp\/v2\/types\/page"}],"author":[{"embeddable":true,"href":"https:\/\/limboassociation.com\/en\/wp-json\/wp\/v2\/users\/156574116"}],"replies":[{"embeddable":true,"href":"https:\/\/limboassociation.com\/en\/wp-json\/wp\/v2\/comments?post=66"}],"version-history":[{"count":69,"href":"https:\/\/limboassociation.com\/en\/wp-json\/wp\/v2\/pages\/66\/revisions"}],"predecessor-version":[{"id":8510,"href":"https:\/\/limboassociation.com\/en\/wp-json\/wp\/v2\/pages\/66\/revisions\/8510"}],"wp:attachment":[{"href":"https:\/\/limboassociation.com\/en\/wp-json\/wp\/v2\/media?parent=66"}],"curies":[{"name":"wp","href":"https:\/\/api.w.org\/{rel}","templated":true}]}}